{"id":5,"date":"2023-11-29T22:10:02","date_gmt":"2023-11-29T21:10:02","guid":{"rendered":"http:\/\/serwer2393034.home.pl\/autoinstalator\/wordpress\/?page_id=5"},"modified":"2025-11-18T15:11:02","modified_gmt":"2025-11-18T14:11:02","slug":"czasopisma","status":"publish","type":"page","link":"https:\/\/neomedica.waw.pl\/?page_id=5","title":{"rendered":"Prenumerata"},"content":{"rendered":"\n<p><\/p>\n\n\n\n<p><\/p>\n\n\n\n<hr class=\"wp-block-separator has-text-color has-secondary-color has-css-opacity has-secondary-background-color has-background is-style-wide\"\/>\n\n\n\n<h2 class=\"wp-block-heading has-text-align-center has-vivid-cyan-blue-color has-text-color\"><em>Post\u0119py Neonatologii w naj\u015bwie\u017cszej ocenie zosta\u0142y wprowadzone na list\u0119 ministerialn\u0105 punktowanych czasopism naukowych i otrzyma\u0142y 20 pkt. ministerialnych w dziedzinie nauki medyczne.<\/em><\/h2>\n\n\n\n<hr class=\"wp-block-separator has-text-color has-secondary-color has-css-opacity has-secondary-background-color has-background is-style-wide\"\/>\n\n\n<div class=\"wp-block-image\">\n<figure class=\"aligncenter size-full is-resized\"><img fetchpriority=\"high\" decoding=\"async\" width=\"901\" height=\"537\" src=\"https:\/\/neomedica.waw.pl\/wp-content\/uploads\/2025\/11\/image-8.png\" alt=\"\" class=\"wp-image-1241\" style=\"width:698px;height:auto\" srcset=\"https:\/\/neomedica.waw.pl\/wp-content\/uploads\/2025\/11\/image-8.png 901w, https:\/\/neomedica.waw.pl\/wp-content\/uploads\/2025\/11\/image-8-300x179.png 300w, https:\/\/neomedica.waw.pl\/wp-content\/uploads\/2025\/11\/image-8-768x458.png 768w\" sizes=\"(max-width: 901px) 100vw, 901px\" \/><\/figure>\n<\/div>\n\n\n<h2 class=\"wp-block-heading has-text-align-center\">POBIERZ I WYPE\u0141NIJ FORMULARZ <br>W CELU ZAM\u00d3WIENIA PRENUMERATY<\/h2>\n\n\n\n<div class=\"wp-block-buttons is-content-justification-center is-layout-flex wp-container-core-buttons-is-layout-16018d1d wp-block-buttons-is-layout-flex\">\n<div class=\"wp-block-button is-style-outline is-style-outline--1\"><a class=\"wp-block-button__link wp-element-button\" href=\"https:\/\/neomedica.waw.pl\/wp-content\/uploads\/2025\/11\/Zamowienie-na-prenumerate-Postepy-Neonatologii_NeoMedica_2026.pdf\" target=\"_blank\" rel=\"noreferrer noopener\">FORMULARZ PDF<\/a><\/div>\n\n\n\n<div class=\"wp-block-button\"><a class=\"wp-block-button__link has-vivid-cyan-blue-background-color has-background wp-element-button\" href=\"https:\/\/neomedica.waw.pl\/wp-content\/uploads\/2025\/11\/Zamowienie-na-prenumerate-Postepy-Neonatologii_NeoMedica_2026.docx\" target=\"_blank\" rel=\"noreferrer noopener\">FORMULARZ WORD<\/a><\/div>\n<\/div>\n\n\n\n<p><\/p>\n\n\n\n<hr class=\"wp-block-separator has-text-color has-secondary-color has-css-opacity has-secondary-background-color has-background is-style-wide\"\/>\n\n\n\n<p class=\"has-text-align-center has-very-dark-gray-color has-text-color\"><strong>Post\u0119py Neonatologii<\/strong> <strong>to oficjalne pismo Polskiego Towarzystwa Neonatologicznego.<\/strong> <br>Nad wysokim poziomem naukowym czasopisma czuwa redaktor naczelny prof. Jerzy Szczapa.<\/p>\n\n\n\n<hr class=\"wp-block-separator has-text-color has-secondary-color has-css-opacity has-secondary-background-color has-background\"\/>\n\n\n\n<p class=\"has-text-align-center has-very-dark-gray-color has-text-color\">To recenzowany periodyk informuj\u0105cy o wa\u017cnych zagadnieniach medycznych, stanowi\u0105cy forum dyskusji naukowej,<br>a tak\u017ce daj\u0105cy mo\u017cliwo\u015b\u0107 publikacji prac oryginalnych, pogl\u0105dowych, kazuistycznych oraz listy do redakcji.<\/p>\n\n\n\n<hr class=\"wp-block-separator has-text-color has-secondary-color has-css-opacity has-secondary-background-color has-background\"\/>\n\n\n\n<p class=\"has-text-align-center has-very-dark-gray-color has-text-color\"><\/p>\n\n\n\n<h2 class=\"wp-block-heading has-text-align-center\"><strong>Nak\u0142ad czasopisma wynosi 5000 egzemplarzy.<\/strong><\/h2>\n\n\n\n<p class=\"has-text-align-center has-very-dark-gray-color has-text-color\">Dostarczamy je lekarzom, neonatologom i pediatrom oraz piel\u0119gniarkom neonatologicznym i pediatrycznym. <\/p>\n\n\n\n<p class=\"has-text-align-center has-very-dark-gray-color has-text-color\">Numery dystrybuowane s\u0105 r\u00f3wnie\u017c na targach medycznych, podczas konferencji i sympozj\u00f3w naukowych.<\/p>\n\n\n\n<hr class=\"wp-block-separator has-css-opacity is-style-wide\"\/>\n\n\n\n<div class=\"wp-block-group\"><div class=\"wp-block-group__inner-container is-layout-flow wp-block-group-is-layout-flow\">\n<p class=\"has-text-align-center has-very-dark-gray-color has-text-color\"><strong>W Post\u0119pach Neonatologii publikowane s\u0105 artyku\u0142y naukowe prezentuj\u0105ce najnowsze i najwa\u017cniejsze doniesienia z wielu dziedzin neonatologii i pediatrii. <br>Stanowi ono swoist\u0105 platform\u0119 wiedzy i wymiany do\u015bwiadcze\u0144 dla ca\u0142ego \u015brodowiska naukowego.<\/strong><br><\/p>\n<\/div><\/div>\n\n\n\n<hr class=\"wp-block-separator has-text-color has-secondary-color has-css-opacity has-secondary-background-color has-background\"\/>\n\n\n\n<p><\/p>\n","protected":false},"excerpt":{"rendered":"<p>Post\u0119py Neonatologii w naj\u015bwie\u017cszej ocenie zosta\u0142y wprowadzone na list\u0119 ministerialn\u0105 punktowanych czasopism naukowych i otrzyma\u0142y 20 pkt. ministerialnych w dziedzinie nauki medyczne. POBIERZ I WYPE\u0141NIJ FORMULARZ W CELU ZAM\u00d3WIENIA PRENUMERATY Post\u0119py Neonatologii to oficjalne pismo Polskiego Towarzystwa Neonatologicznego. Nad wysokim poziomem naukowym czasopisma czuwa redaktor naczelny prof. Jerzy Szczapa. To recenzowany periodyk informuj\u0105cy o wa\u017cnych&hellip;<\/p>\n","protected":false},"author":1,"featured_media":0,"parent":0,"menu_order":0,"comment_status":"closed","ping_status":"closed","template":"","meta":{"footnotes":""},"class_list":["post-5","page","type-page","status-publish","hentry"],"jetpack_sharing_enabled":true,"_links":{"self":[{"href":"https:\/\/neomedica.waw.pl\/index.php?rest_route=\/wp\/v2\/pages\/5","targetHints":{"allow":["GET"]}}],"collection":[{"href":"https:\/\/neomedica.waw.pl\/index.php?rest_route=\/wp\/v2\/pages"}],"about":[{"href":"https:\/\/neomedica.waw.pl\/index.php?rest_route=\/wp\/v2\/types\/page"}],"author":[{"embeddable":true,"href":"https:\/\/neomedica.waw.pl\/index.php?rest_route=\/wp\/v2\/users\/1"}],"replies":[{"embeddable":true,"href":"https:\/\/neomedica.waw.pl\/index.php?rest_route=%2Fwp%2Fv2%2Fcomments&post=5"}],"version-history":[{"count":21,"href":"https:\/\/neomedica.waw.pl\/index.php?rest_route=\/wp\/v2\/pages\/5\/revisions"}],"predecessor-version":[{"id":1242,"href":"https:\/\/neomedica.waw.pl\/index.php?rest_route=\/wp\/v2\/pages\/5\/revisions\/1242"}],"wp:attachment":[{"href":"https:\/\/neomedica.waw.pl\/index.php?rest_route=%2Fwp%2Fv2%2Fmedia&parent=5"}],"curies":[{"name":"wp","href":"https:\/\/api.w.org\/{rel}","templated":true}]}}